{"id":1444,"date":"2023-04-29T18:12:25","date_gmt":"2023-04-29T16:12:25","guid":{"rendered":"https:\/\/swiss-pol.ch\/?page_id=1444"},"modified":"2023-04-29T18:18:14","modified_gmt":"2023-04-29T16:18:14","slug":"uber-uns","status":"publish","type":"page","link":"https:\/\/swiss-pol.ch\/?page_id=1444&lang=de","title":{"rendered":"\u00dcber uns"},"content":{"rendered":"\t\t<div data-elementor-type=\"wp-page\" data-elementor-id=\"1444\" class=\"elementor elementor-1444\">\n\t\t\t\t\t\t<section class=\"elementor-section elementor-top-section elementor-element elementor-element-f91d843 elementor-section-boxed elementor-section-height-default elementor-section-height-default\" data-id=\"f91d843\" data-element_type=\"section\">\n\t\t\t\t\t\t<div class=\"elementor-container elementor-column-gap-no\">\n\t\t\t\t\t<div class=\"elementor-column elementor-col-66 elementor-top-column elementor-element elementor-element-ae2bbdb\" data-id=\"ae2bbdb\" data-element_type=\"column\">\n\t\t\t<div class=\"elementor-widget-wrap elementor-element-populated\">\n\t\t\t\t\t\t<div class=\"elementor-element elementor-element-6828115 elementor-widget elementor-widget-heading\" data-id=\"6828115\" data-element_type=\"widget\" data-widget_type=\"heading.default\">\n\t\t\t\t<div class=\"elementor-widget-container\">\n\t\t\t\t\t<h5 class=\"elementor-heading-title elementor-size-default\">\u00dcber uns <\/h5>\t\t\t\t<\/div>\n\t\t\t\t<\/div>\n\t\t\t\t<div class=\"elementor-element elementor-element-bebd7bc elementor-widget elementor-widget-heading\" data-id=\"bebd7bc\" data-element_type=\"widget\" data-widget_type=\"heading.default\">\n\t\t\t\t<div class=\"elementor-widget-container\">\n\t\t\t\t\t<h1 class=\"elementor-heading-title elementor-size-default\">Wir informieren, begleiten und unterst\u00fctzen Unternehmer<\/h1>\t\t\t\t<\/div>\n\t\t\t\t<\/div>\n\t\t\t\t<div class=\"elementor-element elementor-element-ffaa868 elementor-widget elementor-widget-heading\" data-id=\"ffaa868\" data-element_type=\"widget\" data-widget_type=\"heading.default\">\n\t\t\t\t<div class=\"elementor-widget-container\">\n\t\t\t\t\t<h4 class=\"elementor-heading-title elementor-size-default\">Swiss-Pol Management SA erbringt Dienstleistungen in den Bereichen Buchhaltung, Mehrwertsteuer, HR und Lohnbuchhaltung, Finanzen und Personalwesen.<\/h4>\t\t\t\t<\/div>\n\t\t\t\t<\/div>\n\t\t\t\t<div class=\"elementor-element elementor-element-1054bdf elementor-widget elementor-widget-text-editor\" data-id=\"1054bdf\" data-element_type=\"widget\" data-widget_type=\"text-editor.default\">\n\t\t\t\t<div class=\"elementor-widget-container\">\n\t\t\t\t\t\t\t\t\t<p>Wir unterst\u00fctzen und beraten polnische Unternehmen, die sich in der Schweiz niederlassen, in den Bereichen Buchhaltung, Steuern, Finanzen und Organisationsstrukturen.<\/p><p>Wir sind spezialisiert auf Buchhaltungsdienstleistungen f\u00fcr polnische und schweizerische Handelsunternehmen.<\/p><p>Dank unserer Erfahrung, unseren Qualifikationen und unseren Kenntnissen der Besonderheiten der Schweizer Buchhaltung k\u00f6nnen unsere Kunden sicher sein, dass ihre Finanz-\/Buchhaltungsangelegenheiten in den besten H\u00e4nden sind.<\/p><p>Der Kunde und das Vertrauen, das er uns entgegenbringt, sind die Grundlage f\u00fcr eine Partnerschaft, die einen Wert an sich darstellt.<\/p><p>Wir wissen, dass die richtige Organisation der Zusammenarbeit davon abh\u00e4ngt, die Bed\u00fcrfnisse zu verstehen und geeignete L\u00f6sungen zu finden, die den individuellen Merkmalen und Anforderungen der Einrichtung Rechnung tragen.<\/p>\t\t\t\t\t\t\t\t<\/div>\n\t\t\t\t<\/div>\n\t\t\t\t<div class=\"elementor-element elementor-element-5f8d4de elementor-widget elementor-widget-heading\" data-id=\"5f8d4de\" data-element_type=\"widget\" data-widget_type=\"heading.default\">\n\t\t\t\t<div class=\"elementor-widget-container\">\n\t\t\t\t\t<h4 class=\"elementor-heading-title elementor-size-default\">UNSERE WERTE: Zuverl\u00e4ssigkeit, Modernit\u00e4t, eine auf Vertrauen basierende Beziehung - unsere W\u00e4hrung in der Beziehung mit dem Kunden.<\/h4>\t\t\t\t<\/div>\n\t\t\t\t<\/div>\n\t\t\t\t<div class=\"elementor-element elementor-element-c7e9a5b elementor-widget elementor-widget-text-editor\" data-id=\"c7e9a5b\" data-element_type=\"widget\" data-widget_type=\"text-editor.default\">\n\t\t\t\t<div class=\"elementor-widget-container\">\n\t\t\t\t\t\t\t\t\t<p>Wir bieten ma\u00dfgeschneiderte L\u00f6sungen f\u00fcr jede Situation.<\/p>\t\t\t\t\t\t\t\t<\/div>\n\t\t\t\t<\/div>\n\t\t\t\t\t<\/div>\n\t\t<\/div>\n\t\t\t\t<div class=\"elementor-column elementor-col-33 elementor-top-column elementor-element elementor-element-47b3f62\" data-id=\"47b3f62\" data-element_type=\"column\">\n\t\t\t<div class=\"elementor-widget-wrap elementor-element-populated\">\n\t\t\t\t\t\t<div class=\"elementor-element elementor-element-501909c elementor-widget elementor-widget-image\" data-id=\"501909c\" data-element_type=\"widget\" data-widget_type=\"image.default\">\n\t\t\t\t<div class=\"elementor-widget-container\">\n\t\t\t\t\t\t\t\t\t\t\t\t\t\t\t\t<a href=\"#\">\n\t\t\t\t\t\t\t<img fetchpriority=\"high\" decoding=\"async\" width=\"2048\" height=\"1365\" src=\"https:\/\/swiss-pol.ch\/wp-content\/uploads\/2023\/02\/pexels-oleksandr-pidvalnyi-12956000-2048x1365.jpg\" class=\"attachment-2048x2048 size-2048x2048 wp-image-1168\" alt=\"efekt-wspolpracy-z-firma\" srcset=\"https:\/\/swiss-pol.ch\/wp-content\/uploads\/2023\/02\/pexels-oleksandr-pidvalnyi-12956000-2048x1365.jpg 2048w, https:\/\/swiss-pol.ch\/wp-content\/uploads\/2023\/02\/pexels-oleksandr-pidvalnyi-12956000-300x200.jpg 300w, https:\/\/swiss-pol.ch\/wp-content\/uploads\/2023\/02\/pexels-oleksandr-pidvalnyi-12956000-1024x683.jpg 1024w, https:\/\/swiss-pol.ch\/wp-content\/uploads\/2023\/02\/pexels-oleksandr-pidvalnyi-12956000-768x512.jpg 768w, https:\/\/swiss-pol.ch\/wp-content\/uploads\/2023\/02\/pexels-oleksandr-pidvalnyi-12956000-1536x1024.jpg 1536w\" sizes=\"(max-width: 2048px) 100vw, 2048px\" \/>\t\t\t\t\t\t\t\t<\/a>\n\t\t\t\t\t\t\t\t\t\t\t\t\t\t\t<\/div>\n\t\t\t\t<\/div>\n\t\t\t\t\t<\/div>\n\t\t<\/div>\n\t\t\t\t\t<\/div>\n\t\t<\/section>\n\t\t\t\t<\/div>\n\t\t","protected":false},"excerpt":{"rendered":"<p>\u00dcber uns Wir informieren, begleiten und unterst\u00fctzen Unternehmer Swiss-Pol Management SA erbringt Dienstleistungen in den Bereichen Buchhaltung, Mehrwertsteuer, HR und Lohnbuchhaltung, Finanzen und Personalwesen. Wir unterst\u00fctzen und beraten polnische Unternehmen, die sich in der Schweiz niederlassen, in den Bereichen Buchhaltung, Steuern, Finanzen und Organisationsstrukturen. Wir sind spezialisiert auf Buchhaltungsdienstleistungen f\u00fcr polnische und schweizerische Handelsunternehmen. Dank [&hellip;]<\/p>\n","protected":false},"author":1,"featured_media":0,"parent":0,"menu_order":0,"comment_status":"closed","ping_status":"closed","template":"","meta":{"site-sidebar-layout":"no-sidebar","site-content-layout":"page-builder","ast-site-content-layout":"default","site-content-style":"default","site-sidebar-style":"default","ast-global-header-display":"","ast-banner-title-visibility":"","ast-main-header-display":"","ast-hfb-above-header-display":"","ast-hfb-below-header-display":"","ast-hfb-mobile-header-display":"","site-post-title":"disabled","ast-breadcrumbs-content":"disabled","ast-featured-img":"disabled","footer-sml-layout":"","ast-disable-related-posts":"","theme-transparent-header-meta":"default","adv-header-id-meta":"","stick-header-meta":"","header-above-stick-meta":"","header-main-stick-meta":"","header-below-stick-meta":"","astra-migrate-meta-layouts":"default","ast-page-background-enabled":"default","ast-page-background-meta":{"desktop":{"background-color":"","background-image":"","background-repeat":"repeat","background-position":"center center","background-size":"auto","background-attachment":"scroll","background-type":"","background-media":"","overlay-type":"","overlay-color":"","overlay-opacity":"","overlay-gradient":""},"tablet":{"background-color":"","background-image":"","background-repeat":"repeat","background-position":"center center","background-size":"auto","background-attachment":"scroll","background-type":"","background-media":"","overlay-type":"","overlay-color":"","overlay-opacity":"","overlay-gradient":""},"mobile":{"background-color":"","background-image":"","background-repeat":"repeat","background-position":"center center","background-size":"auto","background-attachment":"scroll","background-type":"","background-media":"","overlay-type":"","overlay-color":"","overlay-opacity":"","overlay-gradient":""}},"ast-content-background-meta":{"desktop":{"background-color":"var(--ast-global-color-5)","background-image":"","background-repeat":"repeat","background-position":"center center","background-size":"auto","background-attachment":"scroll","background-type":"","background-media":"","overlay-type":"","overlay-color":"","overlay-opacity":"","overlay-gradient":""},"tablet":{"background-color":"var(--ast-global-color-5)","background-image":"","background-repeat":"repeat","background-position":"center center","background-size":"auto","background-attachment":"scroll","background-type":"","background-media":"","overlay-type":"","overlay-color":"","overlay-opacity":"","overlay-gradient":""},"mobile":{"background-color":"var(--ast-global-color-5)","background-image":"","background-repeat":"repeat","background-position":"center center","background-size":"auto","background-attachment":"scroll","background-type":"","background-media":"","overlay-type":"","overlay-color":"","overlay-opacity":"","overlay-gradient":""}},"_themeisle_gutenberg_block_has_review":false,"footnotes":""},"class_list":["post-1444","page","type-page","status-publish","hentry"],"_links":{"self":[{"href":"https:\/\/swiss-pol.ch\/index.php?rest_route=\/wp\/v2\/pages\/1444","targetHints":{"allow":["GET"]}}],"collection":[{"href":"https:\/\/swiss-pol.ch\/index.php?rest_route=\/wp\/v2\/pages"}],"about":[{"href":"https:\/\/swiss-pol.ch\/index.php?rest_route=\/wp\/v2\/types\/page"}],"author":[{"embeddable":true,"href":"https:\/\/swiss-pol.ch\/index.php?rest_route=\/wp\/v2\/users\/1"}],"replies":[{"embeddable":true,"href":"https:\/\/swiss-pol.ch\/index.php?rest_route=%2Fwp%2Fv2%2Fcomments&post=1444"}],"version-history":[{"count":7,"href":"https:\/\/swiss-pol.ch\/index.php?rest_route=\/wp\/v2\/pages\/1444\/revisions"}],"predecessor-version":[{"id":1451,"href":"https:\/\/swiss-pol.ch\/index.php?rest_route=\/wp\/v2\/pages\/1444\/revisions\/1451"}],"wp:attachment":[{"href":"https:\/\/swiss-pol.ch\/index.php?rest_route=%2Fwp%2Fv2%2Fmedia&parent=1444"}],"curies":[{"name":"wp","href":"https:\/\/api.w.org\/{rel}","templated":true}]}}