{"id":1428,"date":"2023-04-29T17:52:35","date_gmt":"2023-04-29T15:52:35","guid":{"rendered":"https:\/\/swiss-pol.ch\/?page_id=1428"},"modified":"2024-01-19T15:09:28","modified_gmt":"2024-01-19T14:09:28","slug":"accueil","status":"publish","type":"page","link":"https:\/\/swiss-pol.ch\/?page_id=1428&lang=fr","title":{"rendered":"Accueil"},"content":{"rendered":"\t\t<div data-elementor-type=\"wp-page\" data-elementor-id=\"1428\" class=\"elementor elementor-1428\">\n\t\t\t\t\t\t<section class=\"elementor-section elementor-top-section elementor-element elementor-element-2981775 elementor-section-boxed elementor-section-height-default elementor-section-height-default\" data-id=\"2981775\" data-element_type=\"section\">\n\t\t\t\t\t\t\t<div class=\"elementor-background-overlay\"><\/div>\n\t\t\t\t\t\t\t<div class=\"elementor-container elementor-column-gap-no\">\n\t\t\t\t\t<div class=\"elementor-column elementor-col-50 elementor-top-column elementor-element elementor-element-08596d3\" data-id=\"08596d3\" data-element_type=\"column\">\n\t\t\t<div class=\"elementor-widget-wrap elementor-element-populated\">\n\t\t\t\t\t\t<div class=\"elementor-element elementor-element-f826aac elementor-widget elementor-widget-heading\" data-id=\"f826aac\" data-element_type=\"widget\" data-widget_type=\"heading.default\">\n\t\t\t\t<div class=\"elementor-widget-container\">\n\t\t\t\t\t<h5 class=\"elementor-heading-title elementor-size-default\">NOUS SOMMES, LA FIDUCIAIRE QUI MET NOS COMP\u00c9TENCES AUX SERVICES DES SOCIETES POLONAISES ET SUISSES<\/h5>\t\t\t\t<\/div>\n\t\t\t\t<\/div>\n\t\t\t\t<div class=\"elementor-element elementor-element-fb451fb elementor-widget elementor-widget-image-box\" data-id=\"fb451fb\" data-element_type=\"widget\" data-widget_type=\"image-box.default\">\n\t\t\t\t<div class=\"elementor-widget-container\">\n\t\t\t\t\t<div class=\"elementor-image-box-wrapper\"><div class=\"elementor-image-box-content\"><p class=\"elementor-image-box-description\">D\u00e9couvrez nos services comptables et fiscaux\n\u25cf Tenue de la comptabilit\u00e9 g\u00e9n\u00e9rale\n\u25cf D\u00e9compte TVA trimestriels\/semestriels et d\u00e9claration TVA relatives\n\u25cf Gestion des salaires et des assurances sociales \n\u25cfConseil fiscal ou social \n<\/p><\/div><\/div>\t\t\t\t<\/div>\n\t\t\t\t<\/div>\n\t\t\t\t<div class=\"elementor-element elementor-element-81ca552 elementor-widget elementor-widget-button\" data-id=\"81ca552\" data-element_type=\"widget\" data-widget_type=\"button.default\">\n\t\t\t\t<div class=\"elementor-widget-container\">\n\t\t\t\t\t\t\t\t\t<div class=\"elementor-button-wrapper\">\n\t\t\t\t\t<a class=\"elementor-button elementor-button-link elementor-size-sm\" href=\"https:\/\/swiss-pol.ch\/?page_id=1367&#038;lang=fr\">\n\t\t\t\t\t\t<span class=\"elementor-button-content-wrapper\">\n\t\t\t\t\t\t\t\t\t<span class=\"elementor-button-text\">services<\/span>\n\t\t\t\t\t<\/span>\n\t\t\t\t\t<\/a>\n\t\t\t\t<\/div>\n\t\t\t\t\t\t\t\t<\/div>\n\t\t\t\t<\/div>\n\t\t\t\t\t<\/div>\n\t\t<\/div>\n\t\t\t\t<div class=\"elementor-column elementor-col-50 elementor-top-column elementor-element elementor-element-2068237\" data-id=\"2068237\" data-element_type=\"column\">\n\t\t\t<div class=\"elementor-widget-wrap elementor-element-populated\">\n\t\t\t\t\t\t<div class=\"elementor-element elementor-element-96f04b0 elementor-widget elementor-widget-image\" data-id=\"96f04b0\" data-element_type=\"widget\" data-widget_type=\"image.default\">\n\t\t\t\t<div class=\"elementor-widget-container\">\n\t\t\t\t\t\t\t\t\t\t\t\t\t\t\t<img fetchpriority=\"high\" decoding=\"async\" width=\"2048\" height=\"1365\" src=\"https:\/\/swiss-pol.ch\/wp-content\/uploads\/2023\/02\/pexels-oleksandr-pidvalnyi-12969363-2048x1365.jpg\" class=\"attachment-2048x2048 size-2048x2048 wp-image-1169\" alt=\"zdjecie-uslug-firmy\" srcset=\"https:\/\/swiss-pol.ch\/wp-content\/uploads\/2023\/02\/pexels-oleksandr-pidvalnyi-12969363-2048x1365.jpg 2048w, https:\/\/swiss-pol.ch\/wp-content\/uploads\/2023\/02\/pexels-oleksandr-pidvalnyi-12969363-300x200.jpg 300w, https:\/\/swiss-pol.ch\/wp-content\/uploads\/2023\/02\/pexels-oleksandr-pidvalnyi-12969363-1024x683.jpg 1024w, https:\/\/swiss-pol.ch\/wp-content\/uploads\/2023\/02\/pexels-oleksandr-pidvalnyi-12969363-768x512.jpg 768w, https:\/\/swiss-pol.ch\/wp-content\/uploads\/2023\/02\/pexels-oleksandr-pidvalnyi-12969363-1536x1024.jpg 1536w\" sizes=\"(max-width: 2048px) 100vw, 2048px\" \/>\t\t\t\t\t\t\t\t\t\t\t\t\t\t\t<\/div>\n\t\t\t\t<\/div>\n\t\t\t\t\t<\/div>\n\t\t<\/div>\n\t\t\t\t\t<\/div>\n\t\t<\/section>\n\t\t\t\t<\/div>\n\t\t","protected":false},"excerpt":{"rendered":"<p>NOUS SOMMES, LA FIDUCIAIRE QUI MET NOS COMP\u00c9TENCES AUX SERVICES DES SOCIETES POLONAISES ET SUISSES D\u00e9couvrez nos services comptables et fiscaux \u25cf Tenue de la comptabilit\u00e9 g\u00e9n\u00e9rale \u25cf D\u00e9compte TVA trimestriels\/semestriels et d\u00e9claration TVA relatives \u25cf Gestion des salaires et des assurances sociales \u25cfConseil fiscal ou social services<\/p>\n","protected":false},"author":1,"featured_media":0,"parent":0,"menu_order":0,"comment_status":"closed","ping_status":"closed","template":"","meta":{"site-sidebar-layout":"no-sidebar","site-content-layout":"page-builder","ast-site-content-layout":"default","site-content-style":"default","site-sidebar-style":"default","ast-global-header-display":"","ast-banner-title-visibility":"","ast-main-header-display":"","ast-hfb-above-header-display":"","ast-hfb-below-header-display":"","ast-hfb-mobile-header-display":"","site-post-title":"disabled","ast-breadcrumbs-content":"","ast-featured-img":"disabled","footer-sml-layout":"","ast-disable-related-posts":"","theme-transparent-header-meta":"","adv-header-id-meta":"","stick-header-meta":"","header-above-stick-meta":"","header-main-stick-meta":"","header-below-stick-meta":"","astra-migrate-meta-layouts":"default","ast-page-background-enabled":"default","ast-page-background-meta":{"desktop":{"background-color":"","background-image":"","background-repeat":"repeat","background-position":"center center","background-size":"auto","background-attachment":"scroll","background-type":"","background-media":"","overlay-type":"","overlay-color":"","overlay-opacity":"","overlay-gradient":""},"tablet":{"background-color":"","background-image":"","background-repeat":"repeat","background-position":"center center","background-size":"auto","background-attachment":"scroll","background-type":"","background-media":"","overlay-type":"","overlay-color":"","overlay-opacity":"","overlay-gradient":""},"mobile":{"background-color":"","background-image":"","background-repeat":"repeat","background-position":"center center","background-size":"auto","background-attachment":"scroll","background-type":"","background-media":"","overlay-type":"","overlay-color":"","overlay-opacity":"","overlay-gradient":""}},"ast-content-background-meta":{"desktop":{"background-color":"var(--ast-global-color-5)","background-image":"","background-repeat":"repeat","background-position":"center center","background-size":"auto","background-attachment":"scroll","background-type":"","background-media":"","overlay-type":"","overlay-color":"","overlay-opacity":"","overlay-gradient":""},"tablet":{"background-color":"var(--ast-global-color-5)","background-image":"","background-repeat":"repeat","background-position":"center center","background-size":"auto","background-attachment":"scroll","background-type":"","background-media":"","overlay-type":"","overlay-color":"","overlay-opacity":"","overlay-gradient":""},"mobile":{"background-color":"var(--ast-global-color-5)","background-image":"","background-repeat":"repeat","background-position":"center center","background-size":"auto","background-attachment":"scroll","background-type":"","background-media":"","overlay-type":"","overlay-color":"","overlay-opacity":"","overlay-gradient":""}},"_themeisle_gutenberg_block_has_review":false,"footnotes":""},"class_list":["post-1428","page","type-page","status-publish","hentry"],"_links":{"self":[{"href":"https:\/\/swiss-pol.ch\/index.php?rest_route=\/wp\/v2\/pages\/1428","targetHints":{"allow":["GET"]}}],"collection":[{"href":"https:\/\/swiss-pol.ch\/index.php?rest_route=\/wp\/v2\/pages"}],"about":[{"href":"https:\/\/swiss-pol.ch\/index.php?rest_route=\/wp\/v2\/types\/page"}],"author":[{"embeddable":true,"href":"https:\/\/swiss-pol.ch\/index.php?rest_route=\/wp\/v2\/users\/1"}],"replies":[{"embeddable":true,"href":"https:\/\/swiss-pol.ch\/index.php?rest_route=%2Fwp%2Fv2%2Fcomments&post=1428"}],"version-history":[{"count":13,"href":"https:\/\/swiss-pol.ch\/index.php?rest_route=\/wp\/v2\/pages\/1428\/revisions"}],"predecessor-version":[{"id":1584,"href":"https:\/\/swiss-pol.ch\/index.php?rest_route=\/wp\/v2\/pages\/1428\/revisions\/1584"}],"wp:attachment":[{"href":"https:\/\/swiss-pol.ch\/index.php?rest_route=%2Fwp%2Fv2%2Fmedia&parent=1428"}],"curies":[{"name":"wp","href":"https:\/\/api.w.org\/{rel}","templated":true}]}}